{"id":70,"date":"2021-12-12T06:33:36","date_gmt":"2021-12-12T09:33:36","guid":{"rendered":"https:\/\/demosites.royal-elementor-addons.com\/ittech-v2\/?page_id=70"},"modified":"2023-01-17T11:42:18","modified_gmt":"2023-01-17T14:42:18","slug":"blog","status":"publish","type":"page","link":"https:\/\/brindisi.com.br\/index.php\/blog\/","title":{"rendered":"Blog Brindisi"},"content":{"rendered":"\t\t<div data-elementor-type=\"wp-page\" data-elementor-id=\"70\" class=\"elementor elementor-70\">\n\t\t\t\t\t\t<section class=\"elementor-section elementor-top-section elementor-element elementor-element-e2bde29 elementor-section-boxed elementor-section-height-default elementor-section-height-default wpr-particle-no wpr-jarallax-no wpr-parallax-no wpr-sticky-section-no wpr-equal-height-no\" data-id=\"e2bde29\" data-element_type=\"section\">\n\t\t\t\t\t\t<div class=\"elementor-container elementor-column-gap-default\">\n\t\t\t\t\t<div class=\"elementor-column elementor-col-100 elementor-top-column elementor-element elementor-element-c8921ed\" data-id=\"c8921ed\" data-element_type=\"column\">\n\t\t\t<div class=\"elementor-widget-wrap elementor-element-populated\">\n\t\t\t\t\t\t<div class=\"elementor-element elementor-element-125ef03e elementor-widget elementor-widget-heading\" data-id=\"125ef03e\" data-element_type=\"widget\" data-widget_type=\"heading.default\">\n\t\t\t\t<div class=\"elementor-widget-container\">\n\t\t\t\t\t<h2 class=\"elementor-heading-title elementor-size-default\">Mais Conhecimento e Dicas<\/h2>\t\t\t\t<\/div>\n\t\t\t\t<\/div>\n\t\t\t\t<div class=\"elementor-element elementor-element-3c2e054 elementor-widget elementor-widget-text-editor\" data-id=\"3c2e054\" data-element_type=\"widget\" data-widget_type=\"text-editor.default\">\n\t\t\t\t<div class=\"elementor-widget-container\">\n\t\t\t\t\t\t\t\t\t<p>Aqui voc\u00ea encontra artigos e posts sobre os mais variados temas dentro do universo das Solu\u00e7\u00f5es Hidr\u00e1ulicas.<\/p><p>Nos importamos com seu entendimento, estamos a disposi\u00e7\u00e3o para qualquer d\u00favida ou apoio, venha at\u00e9 n\u00f3s ou mande uma mensagem pelo Whatsapp.<\/p>\t\t\t\t\t\t\t\t<\/div>\n\t\t\t\t<\/div>\n\t\t\t\t<div class=\"elementor-element elementor-element-1727df1 wpr-grid-columns-3 wpr-grid-columns--tablet2 wpr-grid-columns--mobile1 wpr-grid-pagination-center wpr-item-styles-inner elementor-widget elementor-widget-wpr-grid\" data-id=\"1727df1\" data-element_type=\"widget\" data-widget_type=\"wpr-grid.default\">\n\t\t\t\t<div class=\"elementor-widget-container\">\n\t\t\t\t\t<ul class=\"wpr-grid-filters elementor-clearfix wpr-grid-filters-sep-right\"><li class=\" wpr-pointer-none wpr-pointer-line-fx wpr-pointer-fx-none\"><span   data-ajax-filter=[\"tag\",\"agua\"]  data-filter=\".tag-agua\">\u00e1gua<\/span><em class=\"wpr-grid-filters-sep\"><\/em><\/li><li class=\" wpr-pointer-none wpr-pointer-line-fx wpr-pointer-fx-none\"><span   data-ajax-filter=[\"tag\",\"consumo\"]  data-filter=\".tag-consumo\">consumo<\/span><em class=\"wpr-grid-filters-sep\"><\/em><\/li><li class=\" wpr-pointer-none wpr-pointer-line-fx wpr-pointer-fx-none\"><span   data-ajax-filter=[\"tag\",\"sustentabilidade\"]  data-filter=\".tag-sustentabilidade\">sustentabilidade<\/span><em class=\"wpr-grid-filters-sep\"><\/em><\/li><\/ul><section class=\"wpr-grid elementor-clearfix\" data-settings=\"{&quot;layout&quot;:&quot;fitRows&quot;,&quot;stick_last_element_to_bottom&quot;:&quot;&quot;,&quot;columns_desktop&quot;:3,&quot;gutter_hr&quot;:15,&quot;gutter_hr_mobile&quot;:15,&quot;gutter_hr_mobile_extra&quot;:15,&quot;gutter_hr_tablet&quot;:15,&quot;gutter_hr_tablet_extra&quot;:15,&quot;gutter_hr_laptop&quot;:15,&quot;gutter_hr_widescreen&quot;:15,&quot;gutter_vr&quot;:15,&quot;gutter_vr_mobile&quot;:15,&quot;gutter_vr_mobile_extra&quot;:15,&quot;gutter_vr_tablet&quot;:15,&quot;gutter_vr_tablet_extra&quot;:15,&quot;gutter_vr_laptop&quot;:15,&quot;gutter_vr_widescreen&quot;:15,&quot;animation&quot;:&quot;default&quot;,&quot;animation_duration&quot;:0.3,&quot;animation_delay&quot;:0.1,&quot;deeplinking&quot;:&quot;&quot;,&quot;filters_linkable&quot;:&quot;no&quot;,&quot;filters_default_filter&quot;:&quot;&quot;,&quot;filters_count&quot;:&quot;&quot;,&quot;filters_hide_empty&quot;:&quot;&quot;,&quot;filters_animation&quot;:&quot;default&quot;,&quot;filters_animation_duration&quot;:0.3,&quot;filters_animation_delay&quot;:0.1,&quot;pagination_type&quot;:&quot;default&quot;,&quot;pagination_max_pages&quot;:1,&quot;lightbox&quot;:{&quot;selector&quot;:&quot;.wpr-grid-image-wrap&quot;,&quot;iframeMaxWidth&quot;:&quot;60%&quot;,&quot;hash&quot;:false,&quot;autoplay&quot;:&quot;&quot;,&quot;pause&quot;:5000,&quot;progressBar&quot;:&quot;true&quot;,&quot;counter&quot;:&quot;&quot;,&quot;controls&quot;:&quot;true&quot;,&quot;getCaptionFromTitleOrAlt&quot;:&quot;&quot;,&quot;thumbnail&quot;:&quot;&quot;,&quot;showThumbByDefault&quot;:&quot;&quot;,&quot;share&quot;:&quot;&quot;,&quot;zoom&quot;:&quot;&quot;,&quot;fullScreen&quot;:&quot;&quot;,&quot;download&quot;:&quot;&quot;}}\" data-advanced-filters=\"no\"><article class=\"wpr-grid-item elementor-clearfix post-1251 post type-post status-publish format-standard has-post-thumbnail hentry category-geral\"><div class=\"wpr-grid-item-inner\"><div class=\"wpr-grid-media-wrap wpr-effect-size-medium \" data-overlay-link=\"yes\"><div class=\"wpr-grid-image-wrap\" data-src=\"https:\/\/brindisi.com.br\/wp-content\/uploads\/2024\/06\/sistema-PEX-para-instalaA\u00a7A\u00b5es-hidrA\u00a1ulicas-prediais-0303_Olho0-1.jpg\" data-img-on-hover=\"\"  data-src-secondary=\"\"><img decoding=\"async\" data-no-lazy=\"1\" src=\"https:\/\/brindisi.com.br\/wp-content\/uploads\/2024\/06\/sistema-PEX-para-instalaA\u00a7A\u00b5es-hidrA\u00a1ulicas-prediais-0303_Olho0-1.jpg\" alt=\"O que s\u00e3o Canos PEX e por que deve utiliz\u00e1-los na sua casa?\" class=\"wpr-anim-timing-ease-default\"><\/div><div class=\"wpr-grid-media-hover wpr-animation-wrap\"><div class=\"wpr-grid-media-hover-bg  wpr-overlay-fade-in wpr-anim-size-large wpr-anim-timing-ease-default wpr-anim-transparency\" data-url=\"https:\/\/brindisi.com.br\/index.php\/2024\/06\/03\/o-que-sao-canos-pex-e-por-que-sao-ideais-para-o-sistema-de-encanamento-residencial\/\"><\/div><\/div><\/div><div class=\"wpr-grid-item-below-content elementor-clearfix\"><h2 class=\"wpr-grid-item-title elementor-repeater-item-5bf4453 wpr-grid-item-display-block wpr-grid-item-align-left wpr-pointer-none wpr-pointer-line-fx wpr-pointer-fx-fade\"><div class=\"inner-block\"><a target=\"_self\" href=\"https:\/\/brindisi.com.br\/index.php\/2024\/06\/03\/o-que-sao-canos-pex-e-por-que-sao-ideais-para-o-sistema-de-encanamento-residencial\/\">O que s\u00e3o Canos PEX e por que deve utiliz\u00e1-los na sua casa?<\/a><\/div><\/h2><div class=\"wpr-grid-item-excerpt elementor-repeater-item-0f0d05c wpr-grid-item-display-block wpr-grid-item-align-left\"><div class=\"inner-block\"><p>O que s\u00e3o Canos PEX e por que utiliz\u00e1-los na sua casa? Os canos PEX (polietileno reticulado) t\u00eam ganhado popularidade...<\/p><\/div><\/div><div class=\"wpr-grid-item-read-more elementor-repeater-item-334a67c wpr-grid-item-display-block wpr-grid-item-align-left\"><div class=\"inner-block\"><a target=\"_self\" href=\"https:\/\/brindisi.com.br\/index.php\/2024\/06\/03\/o-que-sao-canos-pex-e-por-que-sao-ideais-para-o-sistema-de-encanamento-residencial\/\" class=\"wpr-button-effect wpr-button-none\"><span>Ler Mais...<\/span><\/a><\/div><\/div><\/div><\/div><\/article><article class=\"wpr-grid-item elementor-clearfix post-986 post type-post status-publish format-standard has-post-thumbnail hentry category-geral tag-agua tag-sustentabilidade\"><div class=\"wpr-grid-item-inner\"><div class=\"wpr-grid-media-wrap wpr-effect-size-medium \" data-overlay-link=\"yes\"><div class=\"wpr-grid-image-wrap\" data-src=\"https:\/\/brindisi.com.br\/wp-content\/uploads\/2022\/11\/Brindisirep.jpg\" data-img-on-hover=\"\"  data-src-secondary=\"\"><img decoding=\"async\" data-no-lazy=\"1\" src=\"https:\/\/brindisi.com.br\/wp-content\/uploads\/2022\/11\/Brindisirep.jpg\" alt=\"Consumo Sustent\u00e1vel da \u00c1gua\" class=\"wpr-anim-timing-ease-default\"><\/div><div class=\"wpr-grid-media-hover wpr-animation-wrap\"><div class=\"wpr-grid-media-hover-bg  wpr-overlay-fade-in wpr-anim-size-large wpr-anim-timing-ease-default wpr-anim-transparency\" data-url=\"https:\/\/brindisi.com.br\/index.php\/2022\/11\/11\/sustentabilidade\/\"><\/div><\/div><\/div><div class=\"wpr-grid-item-below-content elementor-clearfix\"><h2 class=\"wpr-grid-item-title elementor-repeater-item-5bf4453 wpr-grid-item-display-block wpr-grid-item-align-left wpr-pointer-none wpr-pointer-line-fx wpr-pointer-fx-fade\"><div class=\"inner-block\"><a target=\"_self\" href=\"https:\/\/brindisi.com.br\/index.php\/2022\/11\/11\/sustentabilidade\/\">Consumo Sustent\u00e1vel da \u00c1gua<\/a><\/div><\/h2><div class=\"wpr-grid-item-excerpt elementor-repeater-item-0f0d05c wpr-grid-item-display-block wpr-grid-item-align-left\"><div class=\"inner-block\"><p>Consumo Sustent\u00e1vel de \u00c1gua Ano ap\u00f3s ano as manchetes dos notici\u00e1rios n\u00e3o mudam, em fun\u00e7\u00e3o do m\u00eas&nbsp;de janeiro estamos vivendo...<\/p><\/div><\/div><div class=\"wpr-grid-item-read-more elementor-repeater-item-334a67c wpr-grid-item-display-block wpr-grid-item-align-left\"><div class=\"inner-block\"><a target=\"_self\" href=\"https:\/\/brindisi.com.br\/index.php\/2022\/11\/11\/sustentabilidade\/\" class=\"wpr-button-effect wpr-button-none\"><span>Ler Mais...<\/span><\/a><\/div><\/div><\/div><\/div><\/article><article class=\"wpr-grid-item elementor-clearfix post-936 post type-post status-publish format-standard has-post-thumbnail hentry category-geral\"><div class=\"wpr-grid-item-inner\"><div class=\"wpr-grid-media-wrap wpr-effect-size-medium \" data-overlay-link=\"yes\"><div class=\"wpr-grid-image-wrap\" data-src=\"https:\/\/brindisi.com.br\/wp-content\/uploads\/2022\/08\/Brindisi14.png\" data-img-on-hover=\"\"  data-src-secondary=\"\"><img decoding=\"async\" data-no-lazy=\"1\" src=\"https:\/\/brindisi.com.br\/wp-content\/uploads\/2022\/08\/Brindisi14.png\" alt=\"Conhe\u00e7a a Brindisi\" class=\"wpr-anim-timing-ease-default\"><\/div><div class=\"wpr-grid-media-hover wpr-animation-wrap\"><div class=\"wpr-grid-media-hover-bg  wpr-overlay-fade-in wpr-anim-size-large wpr-anim-timing-ease-default wpr-anim-transparency\" data-url=\"https:\/\/brindisi.com.br\/index.php\/2022\/08\/26\/conheca-a-brindisi\/\"><\/div><\/div><\/div><div class=\"wpr-grid-item-below-content elementor-clearfix\"><h2 class=\"wpr-grid-item-title elementor-repeater-item-5bf4453 wpr-grid-item-display-block wpr-grid-item-align-left wpr-pointer-none wpr-pointer-line-fx wpr-pointer-fx-fade\"><div class=\"inner-block\"><a target=\"_self\" href=\"https:\/\/brindisi.com.br\/index.php\/2022\/08\/26\/conheca-a-brindisi\/\">Conhe\u00e7a a Brindisi<\/a><\/div><\/h2><div class=\"wpr-grid-item-excerpt elementor-repeater-item-0f0d05c wpr-grid-item-display-block wpr-grid-item-align-left\"><div class=\"inner-block\"><p>Conhe\u00e7a a Brindisi A Brindisi Solu\u00e7\u00f5es Hidr\u00e1ulicas foi fundada em julho de 1989 pelo empres\u00e1rio Ant\u00f4nio Gimenes Sobrinho, que contava...<\/p><\/div><\/div><div class=\"wpr-grid-item-read-more elementor-repeater-item-334a67c wpr-grid-item-display-block wpr-grid-item-align-left\"><div class=\"inner-block\"><a target=\"_self\" href=\"https:\/\/brindisi.com.br\/index.php\/2022\/08\/26\/conheca-a-brindisi\/\" class=\"wpr-button-effect wpr-button-none\"><span>Ler Mais...<\/span><\/a><\/div><\/div><\/div><\/div><\/article><article class=\"wpr-grid-item elementor-clearfix post-934 post type-post status-publish format-standard has-post-thumbnail hentry category-geral\"><div class=\"wpr-grid-item-inner\"><div class=\"wpr-grid-media-wrap wpr-effect-size-medium \" data-overlay-link=\"yes\"><div class=\"wpr-grid-image-wrap\" data-src=\"https:\/\/brindisi.com.br\/wp-content\/uploads\/2022\/08\/Brindisi15.png\" data-img-on-hover=\"\"  data-src-secondary=\"\"><img decoding=\"async\" data-no-lazy=\"1\" src=\"https:\/\/brindisi.com.br\/wp-content\/uploads\/2022\/08\/Brindisi15.png\" alt=\"A Facilidade da Torneira Touch\" class=\"wpr-anim-timing-ease-default\"><\/div><div class=\"wpr-grid-media-hover wpr-animation-wrap\"><div class=\"wpr-grid-media-hover-bg  wpr-overlay-fade-in wpr-anim-size-large wpr-anim-timing-ease-default wpr-anim-transparency\" data-url=\"https:\/\/brindisi.com.br\/index.php\/2022\/08\/26\/a-facilidade-da-torneira-touch\/\"><\/div><\/div><\/div><div class=\"wpr-grid-item-below-content elementor-clearfix\"><h2 class=\"wpr-grid-item-title elementor-repeater-item-5bf4453 wpr-grid-item-display-block wpr-grid-item-align-left wpr-pointer-none wpr-pointer-line-fx wpr-pointer-fx-fade\"><div class=\"inner-block\"><a target=\"_self\" href=\"https:\/\/brindisi.com.br\/index.php\/2022\/08\/26\/a-facilidade-da-torneira-touch\/\">A Facilidade da Torneira Touch<\/a><\/div><\/h2><div class=\"wpr-grid-item-excerpt elementor-repeater-item-0f0d05c wpr-grid-item-display-block wpr-grid-item-align-left\"><div class=\"inner-block\"><p>A Facilidade da Torneira Touch J\u00e1 imaginou a facilidade de uma torneira quente Touch ? Isso \u00e9 puro conforto. Zagonel...<\/p><\/div><\/div><div class=\"wpr-grid-item-read-more elementor-repeater-item-334a67c wpr-grid-item-display-block wpr-grid-item-align-left\"><div class=\"inner-block\"><a target=\"_self\" href=\"https:\/\/brindisi.com.br\/index.php\/2022\/08\/26\/a-facilidade-da-torneira-touch\/\" class=\"wpr-button-effect wpr-button-none\"><span>Ler Mais...<\/span><\/a><\/div><\/div><\/div><\/div><\/article><article class=\"wpr-grid-item elementor-clearfix post-930 post type-post status-publish format-standard has-post-thumbnail hentry category-geral\"><div class=\"wpr-grid-item-inner\"><div class=\"wpr-grid-media-wrap wpr-effect-size-medium \" data-overlay-link=\"yes\"><div class=\"wpr-grid-image-wrap\" data-src=\"https:\/\/brindisi.com.br\/wp-content\/uploads\/2022\/08\/Brindisi16.png\" data-img-on-hover=\"\"  data-src-secondary=\"\"><img decoding=\"async\" data-no-lazy=\"1\" src=\"https:\/\/brindisi.com.br\/wp-content\/uploads\/2022\/08\/Brindisi16.png\" alt=\"O Assento Sanit\u00e1rio Ideal para Seu Vaso\" class=\"wpr-anim-timing-ease-default\"><\/div><div class=\"wpr-grid-media-hover wpr-animation-wrap\"><div class=\"wpr-grid-media-hover-bg  wpr-overlay-fade-in wpr-anim-size-large wpr-anim-timing-ease-default wpr-anim-transparency\" data-url=\"https:\/\/brindisi.com.br\/index.php\/2022\/08\/26\/assento-sanitario-ideal\/\"><\/div><\/div><\/div><div class=\"wpr-grid-item-below-content elementor-clearfix\"><h2 class=\"wpr-grid-item-title elementor-repeater-item-5bf4453 wpr-grid-item-display-block wpr-grid-item-align-left wpr-pointer-none wpr-pointer-line-fx wpr-pointer-fx-fade\"><div class=\"inner-block\"><a target=\"_self\" href=\"https:\/\/brindisi.com.br\/index.php\/2022\/08\/26\/assento-sanitario-ideal\/\">O Assento Sanit\u00e1rio Ideal para Seu Vaso<\/a><\/div><\/h2><div class=\"wpr-grid-item-excerpt elementor-repeater-item-0f0d05c wpr-grid-item-display-block wpr-grid-item-align-left\"><div class=\"inner-block\"><p>O Assento Sanit\u00e1rio Ideal para Seu Vaso Al\u00e9m do conforto e da fun\u00e7\u00e3o decorativa o assento sanit\u00e1rio tem o papel...<\/p><\/div><\/div><div class=\"wpr-grid-item-read-more elementor-repeater-item-334a67c wpr-grid-item-display-block wpr-grid-item-align-left\"><div class=\"inner-block\"><a target=\"_self\" href=\"https:\/\/brindisi.com.br\/index.php\/2022\/08\/26\/assento-sanitario-ideal\/\" class=\"wpr-button-effect wpr-button-none\"><span>Ler Mais...<\/span><\/a><\/div><\/div><\/div><\/div><\/article><article class=\"wpr-grid-item elementor-clearfix post-927 post type-post status-publish format-standard has-post-thumbnail hentry category-geral\"><div class=\"wpr-grid-item-inner\"><div class=\"wpr-grid-media-wrap wpr-effect-size-medium \" data-overlay-link=\"yes\"><div class=\"wpr-grid-image-wrap\" data-src=\"https:\/\/brindisi.com.br\/wp-content\/uploads\/2022\/08\/Brindisi17-1.png\" data-img-on-hover=\"\"  data-src-secondary=\"\"><img decoding=\"async\" data-no-lazy=\"1\" src=\"https:\/\/brindisi.com.br\/wp-content\/uploads\/2022\/08\/Brindisi17-1.png\" alt=\"A Fun\u00e7\u00e3o do Pressurizador\" class=\"wpr-anim-timing-ease-default\"><\/div><div class=\"wpr-grid-media-hover wpr-animation-wrap\"><div class=\"wpr-grid-media-hover-bg  wpr-overlay-fade-in wpr-anim-size-large wpr-anim-timing-ease-default wpr-anim-transparency\" data-url=\"https:\/\/brindisi.com.br\/index.php\/2022\/08\/26\/a-funcao-do-pressurizador\/\"><\/div><\/div><\/div><div class=\"wpr-grid-item-below-content elementor-clearfix\"><h2 class=\"wpr-grid-item-title elementor-repeater-item-5bf4453 wpr-grid-item-display-block wpr-grid-item-align-left wpr-pointer-none wpr-pointer-line-fx wpr-pointer-fx-fade\"><div class=\"inner-block\"><a target=\"_self\" href=\"https:\/\/brindisi.com.br\/index.php\/2022\/08\/26\/a-funcao-do-pressurizador\/\">A Fun\u00e7\u00e3o do Pressurizador<\/a><\/div><\/h2><div class=\"wpr-grid-item-excerpt elementor-repeater-item-0f0d05c wpr-grid-item-display-block wpr-grid-item-align-left\"><div class=\"inner-block\"><p>A Fun\u00e7\u00e3o do Pressurizador S\u00f3 percebemos a import\u00e2ncia do volume e press\u00e3o da \u00e1gua em nossa casa quando alguma fun\u00e7\u00e3o...<\/p><\/div><\/div><div class=\"wpr-grid-item-read-more elementor-repeater-item-334a67c wpr-grid-item-display-block wpr-grid-item-align-left\"><div class=\"inner-block\"><a target=\"_self\" href=\"https:\/\/brindisi.com.br\/index.php\/2022\/08\/26\/a-funcao-do-pressurizador\/\" class=\"wpr-button-effect wpr-button-none\"><span>Ler Mais...<\/span><\/a><\/div><\/div><\/div><\/div><\/article><\/section>\t\t\t\t<\/div>\n\t\t\t\t<\/div>\n\t\t\t\t\t<\/div>\n\t\t<\/div>\n\t\t\t\t\t<\/div>\n\t\t<\/section>\n\t\t\t\t<\/div>\n\t\t","protected":false},"excerpt":{"rendered":"<p>Mais Conhecimento e Dicas Aqui voc\u00ea encontra artigos e posts sobre os mais variados temas dentro do universo das Solu\u00e7\u00f5es Hidr\u00e1ulicas. Nos importamos com seu entendimento, estamos a disposi\u00e7\u00e3o para qualquer d\u00favida ou apoio, venha at\u00e9 n\u00f3s ou mande uma mensagem pelo Whatsapp. \u00e1gua sustentabilidade Consumo Sustent\u00e1vel da \u00c1gua Consumo Sustent\u00e1vel de \u00c1gua Ano ap\u00f3s ano as manchetes dos notici\u00e1rios n\u00e3o mudam, em fun\u00e7\u00e3o do m\u00eas&nbsp;de janeiro estamos vivendo&hellip; Ler Mais&#8230; Conhe\u00e7a a Brindisi Conhe\u00e7a a Brindisi A Brindisi Solu\u00e7\u00f5es Hidr\u00e1ulicas foi fundada em julho de 1989 pelo empres\u00e1rio Ant\u00f4nio Gimenes Sobrinho, que contava&hellip; Ler Mais&#8230; A Facilidade da Torneira Touch A Facilidade da Torneira Touch J\u00e1 imaginou a facilidade de uma torneira quente Touch ? Isso \u00e9 puro conforto. Zagonel&hellip; Ler Mais&#8230; O Assento Sanit\u00e1rio Ideal para Seu Vaso O Assento Sanit\u00e1rio Ideal para Seu Vaso Al\u00e9m do conforto e da fun\u00e7\u00e3o decorativa o assento sanit\u00e1rio tem o papel&hellip; Ler Mais&#8230; A Fun\u00e7\u00e3o do Pressurizador A Fun\u00e7\u00e3o do Pressurizador S\u00f3 percebemos a import\u00e2ncia do volume e press\u00e3o da \u00e1gua em nossa casa quando alguma fun\u00e7\u00e3o&hellip; Ler Mais&#8230;<\/p>\n","protected":false},"author":1,"featured_media":0,"parent":0,"menu_order":0,"comment_status":"closed","ping_status":"closed","template":"elementor_canvas","meta":{"om_disable_all_campaigns":false,"_monsterinsights_skip_tracking":false,"_monsterinsights_sitenote_active":false,"_monsterinsights_sitenote_note":"","_monsterinsights_sitenote_category":0,"footnotes":""},"_links":{"self":[{"href":"https:\/\/brindisi.com.br\/index.php\/wp-json\/wp\/v2\/pages\/70"}],"collection":[{"href":"https:\/\/brindisi.com.br\/index.php\/wp-json\/wp\/v2\/pages"}],"about":[{"href":"https:\/\/brindisi.com.br\/index.php\/wp-json\/wp\/v2\/types\/page"}],"author":[{"embeddable":true,"href":"https:\/\/brindisi.com.br\/index.php\/wp-json\/wp\/v2\/users\/1"}],"replies":[{"embeddable":true,"href":"https:\/\/brindisi.com.br\/index.php\/wp-json\/wp\/v2\/comments?post=70"}],"version-history":[{"count":27,"href":"https:\/\/brindisi.com.br\/index.php\/wp-json\/wp\/v2\/pages\/70\/revisions"}],"predecessor-version":[{"id":1213,"href":"https:\/\/brindisi.com.br\/index.php\/wp-json\/wp\/v2\/pages\/70\/revisions\/1213"}],"wp:attachment":[{"href":"https:\/\/brindisi.com.br\/index.php\/wp-json\/wp\/v2\/media?parent=70"}],"curies":[{"name":"wp","href":"https:\/\/api.w.org\/{rel}","templated":true}]}}